{"id":6,"date":"2024-01-31T09:55:12","date_gmt":"2024-01-31T09:55:12","guid":{"rendered":"https:\/\/abry.hu\/?page_id=6"},"modified":"2024-01-31T10:20:14","modified_gmt":"2024-01-31T10:20:14","slug":"kezdolap","status":"publish","type":"page","link":"https:\/\/abry.hu\/","title":{"rendered":"Kezd\u0151lap"},"content":{"rendered":"\n<div class=\"wp-block-group alignfull has-base-2-background-color has-background has-global-padding is-layout-constrained wp-container-core-group-is-layout-669513ed wp-block-group-is-layout-constrained\" style=\"margin-top:0;margin-bottom:0;padding-top:var(--wp--preset--spacing--50);padding-right:var(--wp--preset--spacing--50);padding-bottom:var(--wp--preset--spacing--50);padding-left:var(--wp--preset--spacing--50)\">\n<div style=\"height:var(--wp--preset--spacing--40)\" aria-hidden=\"true\" class=\"wp-block-spacer\"><\/div>\n\n\n\n<figure class=\"wp-block-image alignwide size-full is-style-rounded is-style-rounded--1\"><img loading=\"lazy\" decoding=\"async\" width=\"850\" height=\"271\" src=\"https:\/\/abry.hu\/wp-content\/uploads\/2024\/01\/abry_boritokep1.jpg\" alt=\"Bor\u00edt\u00f3k\u00e9p\n\" class=\"wp-image-8\" srcset=\"https:\/\/abry.hu\/wp-content\/uploads\/2024\/01\/abry_boritokep1.jpg 850w, https:\/\/abry.hu\/wp-content\/uploads\/2024\/01\/abry_boritokep1-300x96.jpg 300w, https:\/\/abry.hu\/wp-content\/uploads\/2024\/01\/abry_boritokep1-768x245.jpg 768w\" sizes=\"auto, (max-width: 850px) 100vw, 850px\" \/><\/figure>\n<\/div>\n","protected":false},"excerpt":{"rendered":"","protected":false},"author":1,"featured_media":0,"parent":0,"menu_order":0,"comment_status":"closed","ping_status":"closed","template":"","meta":{"footnotes":""},"class_list":["post-6","page","type-page","status-publish","hentry"],"_links":{"self":[{"href":"https:\/\/abry.hu\/index.php\/wp-json\/wp\/v2\/pages\/6","targetHints":{"allow":["GET"]}}],"collection":[{"href":"https:\/\/abry.hu\/index.php\/wp-json\/wp\/v2\/pages"}],"about":[{"href":"https:\/\/abry.hu\/index.php\/wp-json\/wp\/v2\/types\/page"}],"author":[{"embeddable":true,"href":"https:\/\/abry.hu\/index.php\/wp-json\/wp\/v2\/users\/1"}],"replies":[{"embeddable":true,"href":"https:\/\/abry.hu\/index.php\/wp-json\/wp\/v2\/comments?post=6"}],"version-history":[{"count":4,"href":"https:\/\/abry.hu\/index.php\/wp-json\/wp\/v2\/pages\/6\/revisions"}],"predecessor-version":[{"id":32,"href":"https:\/\/abry.hu\/index.php\/wp-json\/wp\/v2\/pages\/6\/revisions\/32"}],"wp:attachment":[{"href":"https:\/\/abry.hu\/index.php\/wp-json\/wp\/v2\/media?parent=6"}],"curies":[{"name":"wp","href":"https:\/\/api.w.org\/{rel}","templated":true}]}}